{"id":12137,"date":"2019-10-22T18:36:45","date_gmt":"2019-10-22T18:36:45","guid":{"rendered":"http:\/\/dev.divelula.com\/?page_id=12137"},"modified":"2023-11-15T18:29:48","modified_gmt":"2023-11-15T18:29:48","slug":"nosotros","status":"publish","type":"page","link":"https:\/\/divelula.com\/index.php\/nosotros\/","title":{"rendered":"Nosotros"},"content":{"rendered":"<div class=\"wpb-content-wrapper\"><p>[vc_row row_type=\u00bbparallax\u00bb content_width=\u00bbgrid\u00bb full_screen_section_height=\u00bbno\u00bb css=\u00bb.vc_custom_1615965258507{padding-top: 10% !important;padding-bottom: 10% !important;background-image: url(http:\/\/divelula.com\/wp-content\/uploads\/2020\/02\/divelula-presencia-web.jpg?id=12466) !important;}\u00bb][vc_column][vc_row_inner full_screen_section_height=\u00bbno\u00bb][vc_column_inner offset=\u00bbvc_col-lg-10 vc_col-md-12&#8243;][vc_column_text css=\u00bb.vc_custom_1571761545250{padding-right: 10% !important;}\u00bb]<\/p>\n<h1><span style=\"color: #ffffff;\">Nos gusta bocetar ideas pero m\u00e1s nos gusta producir resultados<\/span><\/h1>\n<p>[\/vc_column_text][\/vc_column_inner][\/vc_row_inner][vc_empty_space height=\u00bb19px\u00bb]<div class=\"qodef-svg-separator-holder qodef-svg-separator-large\">\r\n    <div class=\"qodef-svg-separator qodef-svg-frames-class\" data-svg-frames=\"15\" data-svg-drawing=\"yes\" >\r\n        <svg version=\"1.1\"  xmlns=\"http:\/\/www.w3.org\/2000\/svg\" xmlns:xlink=\"http:\/\/www.w3.org\/1999\/xlink\" x=\"0px\" y=\"0px\"\r\n            width=\"60px\" height=\"20px\" viewBox=\"0 0 60 20\" enable-background=\"new 0 0 60 20\" xml:space=\"preserve\">\r\n            <path fill=\"none\" stroke=\"#feea0e\" stroke-width=\"6\" stroke-linecap=\"round\" stroke-miterlimit=\"10\" d=\"M3.188,8.848 C20.521,3.89,38.313,16.66,56.813,9.473\"\/>\r\n        <\/svg>\r\n    <\/div>\r\n<\/div>[vc_empty_space height=\u00bb20px\u00bb][vc_row_inner full_screen_section_height=\u00bbno\u00bb][vc_column_inner offset=\u00bbvc_col-lg-6 vc_col-md-10&#8243;]\n<div class=\"qodef-custom-font-holder\" style=\"font-family: Catamaran;font-size: 21px;line-height: 28px;font-weight: 400;text-align: left;color: #ffffff\" data-font-size= 21 data-line-height= 28>\n    A trav\u00e9s de componentes creativos funcionales que potencien tu marca    <\/div>[\/vc_column_inner][\/vc_row_inner][\/vc_column][\/vc_row][vc_row content_width=\u00bbgrid\u00bb full_screen_section_height=\u00bbno\u00bb css=\u00bb.vc_custom_1483001940869{padding-top: 120px !important;padding-bottom: 70px !important;}\u00bb][vc_column offset=\u00bbvc_col-lg-6 vc_col-md-12&#8243;][vc_column_text]<\/p>\n<h4>\u00bfQui\u00e9nes somos?<\/h4>\n<p>[\/vc_column_text][vc_empty_space height=\u00bb12px\u00bb][vc_column_text]<\/p>\n<h3>Nuestra Misi\u00f3n<\/h3>\n<p>[\/vc_column_text][vc_empty_space height=\u00bb8px\u00bb][vc_column_text]<span style=\"font-weight: 400;\">Potenciar el \u00e9xito de nuestros clientes a trav\u00e9s de la creaci\u00f3n de dise\u00f1os estrat\u00e9gicos y fundamentados en su identidad, que, mediante la calidad y experiencia, promuevan el cumplimiento de sus objetivos y prop\u00f3sitos.<\/span>[\/vc_column_text][vc_empty_space height=\u00bb50px\u00bb][\/vc_column][vc_column offset=\u00bbvc_col-lg-6 vc_col-md-12&#8243;][vc_column_text]<\/p>\n<h4>\u00bfQu\u00e9 buscamos?<\/h4>\n<p>[\/vc_column_text][vc_empty_space height=\u00bb12px\u00bb][vc_column_text]<\/p>\n<h3>Nuestra Visi\u00f3n<\/h3>\n<p>[\/vc_column_text][vc_empty_space height=\u00bb8px\u00bb][vc_column_text]Ser identificada como una agencia creativa que innova con calidad, crea con experiencia y genera con \u00e9xito todos sus proyectos.[\/vc_column_text][vc_empty_space height=\u00bb50px\u00bb][\/vc_column][\/vc_row][vc_row row_type=\u00bbparallax\u00bb content_width=\u00bbgrid\u00bb content_aligment=\u00bbcenter\u00bb full_screen_section_height=\u00bbno\u00bb parallax_background_image=\u00bb6562&#8243; css=\u00bb.vc_custom_1483953666758{padding-top: 143px !important;padding-bottom: 120px !important;}\u00bb][vc_column offset=\u00bbvc_col-lg-offset-1 vc_col-lg-10&#8243; css=\u00bb.vc_custom_1482852262038{padding-right: 4% !important;padding-left: 4% !important;}\u00bb]<div class=\"qodef-svg-separator-holder qodef-svg-separator-small\">\r\n    <div class=\"qodef-svg-separator qodef-svg-frames-class\" data-svg-frames=\"15\" data-svg-drawing=\"yes\" >\r\n        <svg version=\"1.1\"  xmlns=\"http:\/\/www.w3.org\/2000\/svg\" xmlns:xlink=\"http:\/\/www.w3.org\/1999\/xlink\" x=\"0px\" y=\"0px\"\r\n            width=\"60px\" height=\"20px\" viewBox=\"0 0 60 20\" enable-background=\"new 0 0 60 20\" xml:space=\"preserve\">\r\n            <path fill=\"none\" stroke=\"#feea0e\" stroke-width=\"6\" stroke-linecap=\"round\" stroke-miterlimit=\"10\" d=\"M3.188,8.848 C20.521,3.89,38.313,16.66,56.813,9.473\"\/>\r\n        <\/svg>\r\n    <\/div>\r\n<\/div>[vc_empty_space height=\u00bb21px\u00bb][vc_column_text]<\/p>\n<h2><span style=\"color: #ffffff;\">\u00abLas lib\u00e9lulas son recordatorios de que somos luz y podemos reflejarla de manera poderosa si decidimos hacerlo\u00bb. Robyn Nola<\/span><\/h2>\n<p>[\/vc_column_text][vc_empty_space height=\u00bb36px\u00bb][\/vc_column][\/vc_row][vc_row content_width=\u00bbgrid\u00bb full_screen_section_height=\u00bbno\u00bb css=\u00bb.vc_custom_1484903015367{padding-top: 125px !important;padding-bottom: 95px !important;}\u00bb][vc_column width=\u00bb1\/2&#8243; offset=\u00bbvc_col-lg-6&#8243;][vc_column_text]<\/p>\n<h2>Nuestra Filosof\u00eda<\/h2>\n<p>[\/vc_column_text][vc_empty_space height=\u00bb8px\u00bb]<div class=\"qodef-svg-separator-holder qodef-svg-separator-small\">\r\n    <div class=\"qodef-svg-separator qodef-svg-frames-class\" data-svg-frames=\"15\" data-svg-drawing=\"yes\" >\r\n        <svg version=\"1.1\"  xmlns=\"http:\/\/www.w3.org\/2000\/svg\" xmlns:xlink=\"http:\/\/www.w3.org\/1999\/xlink\" x=\"0px\" y=\"0px\"\r\n            width=\"60px\" height=\"20px\" viewBox=\"0 0 60 20\" enable-background=\"new 0 0 60 20\" xml:space=\"preserve\">\r\n            <path fill=\"none\" stroke=\"#feea0e\" stroke-width=\"6\" stroke-linecap=\"round\" stroke-miterlimit=\"10\" d=\"M3.188,8.848 C20.521,3.89,38.313,16.66,56.813,9.473\"\/>\r\n        <\/svg>\r\n    <\/div>\r\n<\/div>[vc_empty_space height=\u00bb14px\u00bb]\n<div class=\"qodef-custom-font-holder\" style=\"font-family: Catamaran;font-size: 18px;line-height: 25px;font-weight: 600;letter-spacing: 0px;text-align: center;color: #969696\" data-font-size= 18 data-line-height= 25>\n    Nuestra filosof\u00eda est\u00e1 basada en el emblema de nuestra agencia: la Lib\u00e9lula.    <\/div>[vc_empty_space height=\u00bb14px\u00bb][vc_single_image image=\u00bb12655&#8243; img_size=\u00bbfull\u00bb][vc_empty_space height=\u00bb30px\u00bb][\/vc_column][vc_column width=\u00bb1\/2&#8243; offset=\u00bbvc_col-lg-6&#8243;]<div class=\"qodef-accordion-holder clearfix qodef-accordion qodef-initial qodef-skin-light \">\n\t<h2 class=\"clearfix qodef-title-holder\">\n\t<span class=\"qodef-tab-title\">\n\t\t<span class=\"qodef-tab-title-inner\">\n\t\t\t\t\t<\/span>\n\t<\/span>\n    <span class=\"qodef-accordion-mark\">\n\t\t<span class=\"qodef-accordion-mark-icon\">\n\t\t\t<span class=\"qodef-accordion-plus\">+<\/span>\n\t\t\t<span class=\"qodef-accordion-minus\">-<\/span>\n\t\t<\/span>\n\t<\/span>\n<\/h2>\n<div class=\"qodef-accordion-content\">\n\t<div class=\"qodef-accordion-content-inner\">\n\t\t<div class=\"qodef-tabs qodef-horizontal-tab qodef-dark-tab qodef-fixed-tab qodef-tab-without-icon clearfix\">\n\t<ul class=\"qodef-tabs-nav\">\n\t\t\t\t\t<li>\n\t\t\t\t<a href=\"#tab-experiencia\">\n\t\t\t\t\t\n\t\t\t\t\t\t\t\t\t\t\t<span class=\"qodef-tab-text-after-icon\">\n\t\t\t\t\t\t\tExperiencia\t\t\t\t\t\t<\/span>\n\t\t\t\t\t\t\t\t\t\t\t\n\t\t\t\t\t\t\t\t\t<\/a>\n\t\t\t <\/li>\n\t\t\t\t\t<li>\n\t\t\t\t<a href=\"#tab-precision\">\n\t\t\t\t\t\n\t\t\t\t\t\t\t\t\t\t\t<span class=\"qodef-tab-text-after-icon\">\n\t\t\t\t\t\t\tPrecisi\u00f3n\t\t\t\t\t\t<\/span>\n\t\t\t\t\t\t\t\t\t\t\t\n\t\t\t\t\t\t\t\t\t<\/a>\n\t\t\t <\/li>\n\t\t\t\t\t<li>\n\t\t\t\t<a href=\"#tab-analisis\">\n\t\t\t\t\t\n\t\t\t\t\t\t\t\t\t\t\t<span class=\"qodef-tab-text-after-icon\">\n\t\t\t\t\t\t\tAn\u00e1lisis\t\t\t\t\t\t<\/span>\n\t\t\t\t\t\t\t\t\t\t\t\n\t\t\t\t\t\t\t\t\t<\/a>\n\t\t\t <\/li>\n\t\t\t\t\t<li>\n\t\t\t\t<a href=\"#tab-potenciacion\">\n\t\t\t\t\t\n\t\t\t\t\t\t\t\t\t\t\t<span class=\"qodef-tab-text-after-icon\">\n\t\t\t\t\t\t\tPotenciaci\u00f3n\t\t\t\t\t\t<\/span>\n\t\t\t\t\t\t\t\t\t\t\t\n\t\t\t\t\t\t\t\t\t<\/a>\n\t\t\t <\/li>\n\t\t\t<\/ul> \n\t<div class=\"qodef-tab-container\" id=\"tab-experiencia-887\" data-icon-pack=\"font_awesome\" data-icon-html=\"&lt;i class=&quot;qodef-icon-font-awesome fa  &quot; &gt;&lt;\/i&gt;\">[vc_empty_space height=\u00bb30&#8243;]<div class=\"qodef-iwt clearfix qodef-iwt-left-from-title qodef-iwt-icon-tiny\">\n    <div class=\"qodef-iwt-content-holder\">\n        <div class=\"qodef-iwt-icon-title-holder\">\n            <div class=\"qodef-iwt-icon-holder\">\n                                    \n    <span class=\"qodef-icon-shortcode normal qodef-icon-tiny\"  >\n        \n        <i class=\"qodef-icon-font-awesome fa  qodef-icon-element\" style=\"\" ><\/i>\n            <\/span>\n\n                            <\/div>\n            <div class=\"qodef-iwt-title-holder\">\n                <h5 >\n                    Lib\u00e9lula                <\/h5>\n            <\/div>\n        <\/div>\n                <div class=\"qodef-iwt-text-holder\">\n            <p >El f\u00f3sil m\u00e1s antiguo de una lib\u00e9lula es del Carbon\u00edfero registrado hace unos 320 millones de a\u00f1os. \u00a1Antes de los dinosaurios!<\/p>\n\n                    <\/div>\n    <\/div>\n<\/div>[vc_empty_space height=\u00bb30&#8243;]<div class=\"qodef-iwt clearfix qodef-iwt-left-from-title qodef-iwt-icon-tiny\">\n    <div class=\"qodef-iwt-content-holder\">\n        <div class=\"qodef-iwt-icon-title-holder\">\n            <div class=\"qodef-iwt-icon-holder\">\n                                    \n    <span class=\"qodef-icon-shortcode normal qodef-icon-tiny\"  >\n        \n        <i class=\"qodef-icon-font-awesome fa  qodef-icon-element\" style=\"\" ><\/i>\n            <\/span>\n\n                            <\/div>\n            <div class=\"qodef-iwt-title-holder\">\n                <h5 >\n                    Div\u00e9lula                <\/h5>\n            <\/div>\n        <\/div>\n                <div class=\"qodef-iwt-text-holder\">\n            <p >No estamos desde antes de los dinosaurios, pero la experiencia que tenemos en nuestra \u00e1rea es muy amplia y se refleja en la calidad y el compromiso con nuestros clientes<\/p>\n\n                    <\/div>\n    <\/div>\n<\/div><\/div><div class=\"qodef-tab-container\" id=\"tab-precision-862\" data-icon-pack=\"font_awesome\" data-icon-html=\"&lt;i class=&quot;qodef-icon-font-awesome fa  &quot; &gt;&lt;\/i&gt;\">[vc_empty_space height=\u00bb30&#8243;]<div class=\"qodef-iwt clearfix qodef-iwt-left-from-title qodef-iwt-icon-tiny\">\n    <div class=\"qodef-iwt-content-holder\">\n        <div class=\"qodef-iwt-icon-title-holder\">\n            <div class=\"qodef-iwt-icon-holder\">\n                                    \n    <span class=\"qodef-icon-shortcode normal qodef-icon-tiny\"  >\n        \n        <i class=\"qodef-icon-font-awesome fa  qodef-icon-element\" style=\"\" ><\/i>\n            <\/span>\n\n                            <\/div>\n            <div class=\"qodef-iwt-title-holder\">\n                <h5 >\n                    Lib\u00e9lula                <\/h5>\n            <\/div>\n        <\/div>\n                <div class=\"qodef-iwt-text-holder\">\n            <p >Caza al 95% de las presas que se propone alcanzar, por lo que es de los animales m\u00e1s mort\u00edferos del planeta.<\/p>\n\n                    <\/div>\n    <\/div>\n<\/div>[vc_empty_space height=\u00bb30&#8243;]<div class=\"qodef-iwt clearfix qodef-iwt-left-from-title qodef-iwt-icon-tiny\">\n    <div class=\"qodef-iwt-content-holder\">\n        <div class=\"qodef-iwt-icon-title-holder\">\n            <div class=\"qodef-iwt-icon-holder\">\n                                    \n    <span class=\"qodef-icon-shortcode normal qodef-icon-tiny\"  >\n        \n        <i class=\"qodef-icon-font-awesome fa  qodef-icon-element\" style=\"\" ><\/i>\n            <\/span>\n\n                            <\/div>\n            <div class=\"qodef-iwt-title-holder\">\n                <h5 >\n                    Div\u00e9lula                <\/h5>\n            <\/div>\n        <\/div>\n                <div class=\"qodef-iwt-text-holder\">\n            <p >No somos mort\u00edferos pero s\u00ed victoriosos. Visualizamos el objetivo y lo alcanzamos con \u00e9xito. Creamos soluciones gr\u00e1ficas fundamentadas en los prop\u00f3sitos e identidad de nuestros clientes, lo que nos permite triunfar en los proyectos que realizamos.<\/p>\n\n                    <\/div>\n    <\/div>\n<\/div><\/div><div class=\"qodef-tab-container\" id=\"tab-analisis-383\" data-icon-pack=\"font_awesome\" data-icon-html=\"&lt;i class=&quot;qodef-icon-font-awesome fa  &quot; &gt;&lt;\/i&gt;\">[vc_empty_space height=\u00bb30&#8243;]<div class=\"qodef-iwt clearfix qodef-iwt-left-from-title qodef-iwt-icon-tiny\">\n    <div class=\"qodef-iwt-content-holder\">\n        <div class=\"qodef-iwt-icon-title-holder\">\n            <div class=\"qodef-iwt-icon-holder\">\n                                    \n    <span class=\"qodef-icon-shortcode normal qodef-icon-tiny\"  >\n        \n        <i class=\"qodef-icon-font-awesome fa  qodef-icon-element\" style=\"\" ><\/i>\n            <\/span>\n\n                            <\/div>\n            <div class=\"qodef-iwt-title-holder\">\n                <h5 >\n                    Lib\u00e9lula                <\/h5>\n            <\/div>\n        <\/div>\n                <div class=\"qodef-iwt-text-holder\">\n            <p >Sus ojos son de los m\u00e1s grandes en el reino animal. Lo que le permite ver 360\u00ba de su entorno sin necesidad de girar la cabeza.<\/p>\n\n                    <\/div>\n    <\/div>\n<\/div>[vc_empty_space height=\u00bb30&#8243;]<div class=\"qodef-iwt clearfix qodef-iwt-left-from-title qodef-iwt-icon-tiny\">\n    <div class=\"qodef-iwt-content-holder\">\n        <div class=\"qodef-iwt-icon-title-holder\">\n            <div class=\"qodef-iwt-icon-holder\">\n                                    \n    <span class=\"qodef-icon-shortcode normal qodef-icon-tiny\"  >\n        \n        <i class=\"qodef-icon-font-awesome fa  qodef-icon-element\" style=\"\" ><\/i>\n            <\/span>\n\n                            <\/div>\n            <div class=\"qodef-iwt-title-holder\">\n                <h5 >\n                    Div\u00e9lula                <\/h5>\n            <\/div>\n        <\/div>\n                <div class=\"qodef-iwt-text-holder\">\n            <p >La observaci\u00f3n, percepci\u00f3n y el an\u00e1lisis, son nuestras bases fundamentales para la toma de decisiones y realizaci\u00f3n de acciones para alcanzar los resultados esperados. En Div\u00e9lula los proyectos son examinados desde todos los \u00e1ngulos antes de decidir cu\u00e1l es la direcci\u00f3n a seguir.<\/p>\n\n                    <\/div>\n    <\/div>\n<\/div><\/div><div class=\"qodef-tab-container\" id=\"tab-potenciacion-633\" data-icon-pack=\"font_awesome\" data-icon-html=\"&lt;i class=&quot;qodef-icon-font-awesome fa  &quot; &gt;&lt;\/i&gt;\">[vc_empty_space height=\u00bb30&#8243;]<div class=\"qodef-iwt clearfix qodef-iwt-left-from-title qodef-iwt-icon-tiny\">\n    <div class=\"qodef-iwt-content-holder\">\n        <div class=\"qodef-iwt-icon-title-holder\">\n            <div class=\"qodef-iwt-icon-holder\">\n                                    \n    <span class=\"qodef-icon-shortcode normal qodef-icon-tiny\"  >\n        \n        <i class=\"qodef-icon-font-awesome fa  qodef-icon-element\" style=\"\" ><\/i>\n            <\/span>\n\n                            <\/div>\n            <div class=\"qodef-iwt-title-holder\">\n                <h5 >\n                    Lib\u00e9lula                <\/h5>\n            <\/div>\n        <\/div>\n                <div class=\"qodef-iwt-text-holder\">\n            <p >Pueden batir sus alas anteriores y posteriores de forma simult\u00e1nea o alternada en diferentes fases del vuelo, lo que resulta, en una mayor potencia con mayor coste energ\u00e9tico al despegar, y en una potencia y coste menor durante el vuelo.<\/p>\n\n                    <\/div>\n    <\/div>\n<\/div>[vc_empty_space height=\u00bb30&#8243;]<div class=\"qodef-iwt clearfix qodef-iwt-left-from-title qodef-iwt-icon-tiny\">\n    <div class=\"qodef-iwt-content-holder\">\n        <div class=\"qodef-iwt-icon-title-holder\">\n            <div class=\"qodef-iwt-icon-holder\">\n                                    \n    <span class=\"qodef-icon-shortcode normal qodef-icon-tiny\"  >\n        \n        <i class=\"qodef-icon-font-awesome fa  qodef-icon-element\" style=\"\" ><\/i>\n            <\/span>\n\n                            <\/div>\n            <div class=\"qodef-iwt-title-holder\">\n                <h5 >\n                    Div\u00e9lula                <\/h5>\n            <\/div>\n        <\/div>\n                <div class=\"qodef-iwt-text-holder\">\n            <p >En Div\u00e9lula se trabaja arduamente para potenciar los proyectos de nuestros clientes, lo que se traduce en trabajos cimentados en ideas s\u00f3lidas, acciones y dise\u00f1os direccionados al \u00e9xito. Una vez elevados, los proyectos se mantienen y tienen la posibilidad de ir m\u00e1s alto.<\/p>\n\n                    <\/div>\n    <\/div>\n<\/div><\/div><\/div>\t<\/div>\n<\/div><\/div>[\/vc_column][\/vc_row][vc_row content_width=\u00bbgrid\u00bb full_screen_section_height=\u00bbno\u00bb css=\u00bb.vc_custom_1582396654092{padding-top: 106px !important;padding-bottom: 95px !important;background-image: url(http:\/\/divelula.com\/wp-content\/uploads\/2020\/02\/divelula-valores-1.jpg?id=12457) !important;}\u00bb][vc_column width=\u00bb2\/4&#8243; css=\u00bb.vc_custom_1571768528925{background-position: center !important;background-repeat: no-repeat !important;background-size: cover !important;}\u00bb][vc_column_text]<\/p>\n<h4>Los cimientos<\/h4>\n<p>[\/vc_column_text][vc_empty_space height=\u00bb12&#8243;][vc_column_text]<\/p>\n<h2>Son los valores que nos rigen<\/h2>\n<p>[\/vc_column_text][vc_empty_space height=\u00bb8&#8243;]<div class=\"qodef-svg-separator-holder qodef-svg-separator-small\">\r\n    <div class=\"qodef-svg-separator qodef-svg-frames-class\" data-svg-frames=\"15\" data-svg-drawing=\"yes\" >\r\n        <svg version=\"1.1\" style=\"stroke: #000000\" xmlns=\"http:\/\/www.w3.org\/2000\/svg\" xmlns:xlink=\"http:\/\/www.w3.org\/1999\/xlink\" x=\"0px\" y=\"0px\"\r\n            width=\"60px\" height=\"20px\" viewBox=\"0 0 60 20\" enable-background=\"new 0 0 60 20\" xml:space=\"preserve\">\r\n            <path fill=\"none\" stroke=\"#feea0e\" stroke-width=\"6\" stroke-linecap=\"round\" stroke-miterlimit=\"10\" d=\"M3.188,8.848 C20.521,3.89,38.313,16.66,56.813,9.473\"\/>\r\n        <\/svg>\r\n    <\/div>\r\n<\/div>[vc_empty_space height=\u00bb2&#8243;][vc_column_text]<span style=\"color: #000000;\">Nuestros valores, no solo nos gu\u00edan, sino que tambi\u00e9n dan direcci\u00f3n y prop\u00f3sito a cada proyecto que emprendemos. Estos valores, son principios vivos que forman nuestras decisiones, nuestras acciones y la manera en que nos relacionamos con nuestros clientes y colaboradores.<\/span>[\/vc_column_text][\/vc_column][vc_column width=\u00bb1\/4&#8243;][vc_empty_space height=\u00bb5px\u00bb]<div class=\"qodef-iwt clearfix qodef-iwt-icon-left qodef-iwt-icon-tiny\"  >\n    <div class=\"qodef-iwt-icon-holder\">\n                    \n    <span class=\"qodef-icon-shortcode normal\"  data-color=\"#000000\">\n        \n        <i class=\"qodef-icon-font-awesome fa fa-handshake-o qodef-icon-element\" style=\"color: #000000;font-size:25px\" ><\/i>\n            <\/span>\n\n            <\/div>\n    <div class=\"qodef-iwt-content-holder\" style=\"padding-left: 48px\">\n                <div class=\"qodef-iwt-title-holder\">\n            <h5 >\n                Solidaridad            <\/h5>\n        <\/div>\n                        <div class=\"qodef-iwt-text-holder\">\n            <p style=\"color: #0a0003\">Se refiere al trabajo colaborativo enfocado en el \u00e9xito de los proyectos. As\u00ed mismo en Div\u00e9lula somos conscientes de que la solidaridad es el pin\u00e1culo de otros valores como amistad, compa\u00f1erismo y honor, que tambi\u00e9n forman parte de nuestra filosof\u00eda.<\/p>\n\n                    <\/div>\n    <\/div>\n<\/div>[vc_empty_space height=\u00bb20&#8243;][vc_row_inner full_screen_section_height=\u00bbno\u00bb][vc_column_inner]<div class=\"qodef-iwt clearfix qodef-iwt-icon-left qodef-iwt-icon-small\"  >\n    <div class=\"qodef-iwt-icon-holder\">\n                    \n    <span class=\"qodef-icon-shortcode normal\"  data-color=\"#000000\">\n        \n        <i class=\"qodef-icon-font-awesome fa fa-hand-stop-o qodef-icon-element\" style=\"color: #000000;font-size:23px\" ><\/i>\n            <\/span>\n\n            <\/div>\n    <div class=\"qodef-iwt-content-holder\" style=\"padding-left: 48px\">\n                <div class=\"qodef-iwt-title-holder\">\n            <h5 >\n                Verdad            <\/h5>\n        <\/div>\n                        <div class=\"qodef-iwt-text-holder\">\n            <p style=\"color: #0a0002\">Este valor para Div\u00e9lula se refiere no solamente a la congruencia entre las palabras y las acciones, sino tambi\u00e9n a la honestidad y el buen hacer.<\/p>\n\n                    <\/div>\n    <\/div>\n<\/div>[\/vc_column_inner][\/vc_row_inner][\/vc_column][vc_column width=\u00bb1\/4&#8243;][vc_empty_space height=\u00bb5px\u00bb]<div class=\"qodef-iwt clearfix qodef-iwt-icon-left qodef-iwt-icon-tiny\"  >\n    <div class=\"qodef-iwt-icon-holder\">\n                    \n    <span class=\"qodef-icon-shortcode normal\"  data-color=\"#000000\">\n        \n        <span aria-hidden=\"true\" class=\"qodef-icon-font-elegant icon_target qodef-icon-element\" style=\"color: #000000;font-size:23px\" ><\/span>\n            <\/span>\n\n            <\/div>\n    <div class=\"qodef-iwt-content-holder\" style=\"padding-left: 48px\">\n                <div class=\"qodef-iwt-title-holder\">\n            <h5 >\n                Lealtad            <\/h5>\n        <\/div>\n                        <div class=\"qodef-iwt-text-holder\">\n            <p style=\"color: #000000\">En Div\u00e9lula este valor no solamente se refiere al compromiso que se establece con nuestros clientes, sino tambi\u00e9n al respeto y fidelidad de los principios de la agencia, resultando en la congruencia integral que nos caracteriza.<\/p>\n\n                    <\/div>\n    <\/div>\n<\/div>[vc_empty_space height=\u00bb20&#8243;][vc_row_inner full_screen_section_height=\u00bbno\u00bb][vc_column_inner]<div class=\"qodef-iwt clearfix qodef-iwt-icon-left qodef-iwt-icon-small\"  >\n    <div class=\"qodef-iwt-icon-holder\">\n                    \n    <span class=\"qodef-icon-shortcode normal\"  data-color=\"#000000\">\n        \n        <i class=\"qodef-icon-font-awesome fa fa-balance-scale qodef-icon-element\" style=\"color: #000000;font-size:25px\" ><\/i>\n            <\/span>\n\n            <\/div>\n    <div class=\"qodef-iwt-content-holder\" style=\"padding-left: 48px\">\n                <div class=\"qodef-iwt-title-holder\">\n            <h5 >\n                Confianza            <\/h5>\n        <\/div>\n                        <div class=\"qodef-iwt-text-holder\">\n            <p style=\"color: #0a0a0a\">Para Div\u00e9lula este valor alude a la firmeza para emprender los proyectos y a la seguridad de que el trabajo realizado sea tan gratificante como el resultado obtenido.<\/p>\n\n                    <\/div>\n    <\/div>\n<\/div>[\/vc_column_inner][\/vc_row_inner][\/vc_column][\/vc_row]<\/p>\n<\/div>","protected":false},"excerpt":{"rendered":"<p>[vc_row row_type=\u00bbparallax\u00bb content_width=\u00bbgrid\u00bb full_screen_section_height=\u00bbno\u00bb css=\u00bb.vc_custom_1615965258507{padding-top: 10% !important;padding-bottom: 10% !important;background-image: url(http:\/\/divelula.com\/wp-content\/uploads\/2020\/02\/divelula-presencia-web.jpg?id=12466) !important;}\u00bb][vc_column][vc_row_inner full_screen_section_height=\u00bbno\u00bb][vc_column_inner offset=\u00bbvc_col-lg-10 vc_col-md-12&#8243;][vc_column_text css=\u00bb.vc_custom_1571761545250{padding-right: 10% !important;}\u00bb] Nos gusta bocetar ideas pero m\u00e1s nos gusta producir resultados [\/vc_column_text][\/vc_column_inner][\/vc_row_inner][vc_empty_space height=\u00bb19px\u00bb][vc_empty_space height=\u00bb20px\u00bb][vc_row_inner full_screen_section_height=\u00bbno\u00bb][vc_column_inner offset=\u00bbvc_col-lg-6 vc_col-md-10&#8243;][\/vc_column_inner][\/vc_row_inner][\/vc_column][\/vc_row][vc_row content_width=\u00bbgrid\u00bb full_screen_section_height=\u00bbno\u00bb css=\u00bb.vc_custom_1483001940869{padding-top: 120px !important;padding-bottom: 70px !important;}\u00bb][vc_column offset=\u00bbvc_col-lg-6 vc_col-md-12&#8243;][vc_column_text] \u00bfQui\u00e9nes somos? [\/vc_column_text][vc_empty_space&#8230;<\/p>\n","protected":false},"author":1,"featured_media":0,"parent":0,"menu_order":0,"comment_status":"closed","ping_status":"closed","template":"full-width.php","meta":{"footnotes":""},"class_list":["post-12137","page","type-page","status-publish","hentry"],"_links":{"self":[{"href":"https:\/\/divelula.com\/index.php\/wp-json\/wp\/v2\/pages\/12137","targetHints":{"allow":["GET"]}}],"collection":[{"href":"https:\/\/divelula.com\/index.php\/wp-json\/wp\/v2\/pages"}],"about":[{"href":"https:\/\/divelula.com\/index.php\/wp-json\/wp\/v2\/types\/page"}],"author":[{"embeddable":true,"href":"https:\/\/divelula.com\/index.php\/wp-json\/wp\/v2\/users\/1"}],"replies":[{"embeddable":true,"href":"https:\/\/divelula.com\/index.php\/wp-json\/wp\/v2\/comments?post=12137"}],"version-history":[{"count":108,"href":"https:\/\/divelula.com\/index.php\/wp-json\/wp\/v2\/pages\/12137\/revisions"}],"predecessor-version":[{"id":12723,"href":"https:\/\/divelula.com\/index.php\/wp-json\/wp\/v2\/pages\/12137\/revisions\/12723"}],"wp:attachment":[{"href":"https:\/\/divelula.com\/index.php\/wp-json\/wp\/v2\/media?parent=12137"}],"curies":[{"name":"wp","href":"https:\/\/api.w.org\/{rel}","templated":true}]}}